{"id":176,"date":"2023-02-19T00:20:51","date_gmt":"2023-02-19T00:20:51","guid":{"rendered":"http:\/\/remaendustri.com\/?page_id=176"},"modified":"2023-02-22T13:27:20","modified_gmt":"2023-02-22T13:27:20","slug":"gaz-algilama-sistemleri","status":"publish","type":"page","link":"https:\/\/remaendustri.com\/?page_id=176","title":{"rendered":"Gaz Alg\u0131lama Sistemleri"},"content":{"rendered":"\n<figure class=\"wp-block-image size-full is-resized\"><img decoding=\"async\" loading=\"lazy\" src=\"http:\/\/remaendustri.com\/wp-content\/uploads\/2023\/02\/fire-bell-alarm-red-2021-08-26-15-42-24-utc-scaled-800x334-1.jpg\" alt=\"\" class=\"wp-image-571\" width=\"851\" height=\"355\" srcset=\"https:\/\/remaendustri.com\/wp-content\/uploads\/2023\/02\/fire-bell-alarm-red-2021-08-26-15-42-24-utc-scaled-800x334-1.jpg 800w, https:\/\/remaendustri.com\/wp-content\/uploads\/2023\/02\/fire-bell-alarm-red-2021-08-26-15-42-24-utc-scaled-800x334-1-300x125.jpg 300w, https:\/\/remaendustri.com\/wp-content\/uploads\/2023\/02\/fire-bell-alarm-red-2021-08-26-15-42-24-utc-scaled-800x334-1-768x321.jpg 768w, https:\/\/remaendustri.com\/wp-content\/uploads\/2023\/02\/fire-bell-alarm-red-2021-08-26-15-42-24-utc-scaled-800x334-1-144x60.jpg 144w, https:\/\/remaendustri.com\/wp-content\/uploads\/2023\/02\/fire-bell-alarm-red-2021-08-26-15-42-24-utc-scaled-800x334-1-228x95.jpg 228w\" sizes=\"(max-width: 851px) 100vw, 851px\" \/><\/figure>\n\n\n\n<p>Gaz alg\u0131lama ve alarm sistemleri, binalar\u0131n\u0131zda yan\u0131c\u0131, parlay\u0131c\u0131 ve zehirli gazlar\u0131n seviyelerinin izlenmesi, tehlikeli d\u00fczeylere ula\u015ft\u0131\u011f\u0131nda bununla ilgili senaryolar do\u011frultusunda gaz\u0131n tahliyesi i\u00e7in gerekli havaland\u0131rma fanlar\u0131n\u0131n \u00e7al\u0131\u015ft\u0131r\u0131lmas\u0131, vanalar\u0131n\u0131n kapat\u0131lmas\u0131 ve sesli\/\u0131\u015f\u0131kl\u0131 uyar\u0131lar\u0131n verilmesi gibi fonksiyonlar\u0131 yerine getirmek i\u00e7in kullan\u0131l\u0131rlar.<\/p>\n","protected":false},"excerpt":{"rendered":"<p>Gaz alg\u0131lama ve alarm sistemleri, binalar\u0131n\u0131zda yan\u0131c\u0131, parlay\u0131c\u0131 ve zehirli gazlar\u0131n seviyelerinin izlenmesi, tehlikeli d\u00fczeylere ula\u015ft\u0131\u011f\u0131nda bununla ilgili senaryolar do\u011frultusunda gaz\u0131n tahliyesi i\u00e7in gerekli havaland\u0131rma fanlar\u0131n\u0131n \u00e7al\u0131\u015ft\u0131r\u0131lmas\u0131, vanalar\u0131n\u0131n kapat\u0131lmas\u0131 ve sesli\/\u0131\u015f\u0131kl\u0131 uyar\u0131lar\u0131n verilmesi gibi fonksiyonlar\u0131 yerine getirmek i\u00e7in kullan\u0131l\u0131rlar.<\/p>\n","protected":false},"author":1,"featured_media":0,"parent":0,"menu_order":0,"comment_status":"closed","ping_status":"closed","template":"","meta":{"om_disable_all_campaigns":false,"_monsterinsights_skip_tracking":false,"_monsterinsights_sitenote_active":false,"_monsterinsights_sitenote_note":"","_monsterinsights_sitenote_category":0},"yoast_head":"<!-- This site is optimized with the Yoast SEO plugin v20.2.1 - https:\/\/yoast.com\/wordpress\/plugins\/seo\/ -->\n<title>Gaz Alg\u0131lama Sistemleri -<\/title>\n<meta name=\"robots\" content=\"index, follow, max-snippet:-1, max-image-preview:large, max-video-preview:-1\" \/>\n<link rel=\"canonical\" href=\"https:\/\/remaendustri.com\/?page_id=176\" \/>\n<meta property=\"og:locale\" content=\"tr_TR\" \/>\n<meta property=\"og:type\" content=\"article\" \/>\n<meta property=\"og:title\" content=\"Gaz Alg\u0131lama Sistemleri -\" \/>\n<meta property=\"og:description\" content=\"Gaz alg\u0131lama ve alarm sistemleri, binalar\u0131n\u0131zda yan\u0131c\u0131, parlay\u0131c\u0131 ve zehirli gazlar\u0131n seviyelerinin izlenmesi, tehlikeli d\u00fczeylere ula\u015ft\u0131\u011f\u0131nda bununla ilgili senaryolar do\u011frultusunda gaz\u0131n tahliyesi i\u00e7in gerekli havaland\u0131rma fanlar\u0131n\u0131n \u00e7al\u0131\u015ft\u0131r\u0131lmas\u0131, vanalar\u0131n\u0131n kapat\u0131lmas\u0131 ve sesli\/\u0131\u015f\u0131kl\u0131 uyar\u0131lar\u0131n verilmesi gibi fonksiyonlar\u0131 yerine getirmek i\u00e7in kullan\u0131l\u0131rlar.\" \/>\n<meta property=\"og:url\" content=\"https:\/\/remaendustri.com\/?page_id=176\" \/>\n<meta property=\"article:modified_time\" content=\"2023-02-22T13:27:20+00:00\" \/>\n<meta property=\"og:image\" content=\"http:\/\/remaendustri.com\/wp-content\/uploads\/2023\/02\/fire-bell-alarm-red-2021-08-26-15-42-24-utc-scaled-800x334-1.jpg\" \/>\n<meta name=\"twitter:card\" content=\"summary_large_image\" \/>\n<script type=\"application\/ld+json\" class=\"yoast-schema-graph\">{\"@context\":\"https:\/\/schema.org\",\"@graph\":[{\"@type\":\"WebPage\",\"@id\":\"https:\/\/remaendustri.com\/?page_id=176\",\"url\":\"https:\/\/remaendustri.com\/?page_id=176\",\"name\":\"Gaz Alg\u0131lama Sistemleri -\",\"isPartOf\":{\"@id\":\"https:\/\/remaendustri.com\/#website\"},\"datePublished\":\"2023-02-19T00:20:51+00:00\",\"dateModified\":\"2023-02-22T13:27:20+00:00\",\"breadcrumb\":{\"@id\":\"https:\/\/remaendustri.com\/?page_id=176#breadcrumb\"},\"inLanguage\":\"tr\",\"potentialAction\":[{\"@type\":\"ReadAction\",\"target\":[\"https:\/\/remaendustri.com\/?page_id=176\"]}]},{\"@type\":\"BreadcrumbList\",\"@id\":\"https:\/\/remaendustri.com\/?page_id=176#breadcrumb\",\"itemListElement\":[{\"@type\":\"ListItem\",\"position\":1,\"name\":\"Anasayfa\",\"item\":\"https:\/\/remaendustri.com\/\"},{\"@type\":\"ListItem\",\"position\":2,\"name\":\"Gaz Alg\u0131lama Sistemleri\"}]},{\"@type\":\"WebSite\",\"@id\":\"https:\/\/remaendustri.com\/#website\",\"url\":\"https:\/\/remaendustri.com\/\",\"name\":\"http:\/\/remaendustri.com\/\",\"description\":\"\",\"publisher\":{\"@id\":\"https:\/\/remaendustri.com\/#organization\"},\"potentialAction\":[{\"@type\":\"SearchAction\",\"target\":{\"@type\":\"EntryPoint\",\"urlTemplate\":\"https:\/\/remaendustri.com\/?s={search_term_string}\"},\"query-input\":\"required name=search_term_string\"}],\"inLanguage\":\"tr\"},{\"@type\":\"Organization\",\"@id\":\"https:\/\/remaendustri.com\/#organization\",\"name\":\"http:\/\/remaendustri.com\/\",\"url\":\"https:\/\/remaendustri.com\/\",\"logo\":{\"@type\":\"ImageObject\",\"inLanguage\":\"tr\",\"@id\":\"https:\/\/remaendustri.com\/#\/schema\/logo\/image\/\",\"url\":\"http:\/\/remaendustri.com\/wp-content\/uploads\/2023\/02\/cropped-remalogo.jpg\",\"contentUrl\":\"http:\/\/remaendustri.com\/wp-content\/uploads\/2023\/02\/cropped-remalogo.jpg\",\"width\":1600,\"height\":1599,\"caption\":\"http:\/\/remaendustri.com\/\"},\"image\":{\"@id\":\"https:\/\/remaendustri.com\/#\/schema\/logo\/image\/\"},\"sameAs\":[\"https:\/\/www.instagram.com\/rema.endustri\/\",\"https:\/\/www.trendyol.com\/magaza\/rema-endustri-ic-ve-dis-tic-ltd-sti-m-649742?sst=0\"]}]}<\/script>\n<!-- \/ Yoast SEO plugin. -->","yoast_head_json":{"title":"Gaz Alg\u0131lama Sistemleri -","robots":{"index":"index","follow":"follow","max-snippet":"max-snippet:-1","max-image-preview":"max-image-preview:large","max-video-preview":"max-video-preview:-1"},"canonical":"https:\/\/remaendustri.com\/?page_id=176","og_locale":"tr_TR","og_type":"article","og_title":"Gaz Alg\u0131lama Sistemleri -","og_description":"Gaz alg\u0131lama ve alarm sistemleri, binalar\u0131n\u0131zda yan\u0131c\u0131, parlay\u0131c\u0131 ve zehirli gazlar\u0131n seviyelerinin izlenmesi, tehlikeli d\u00fczeylere ula\u015ft\u0131\u011f\u0131nda bununla ilgili senaryolar do\u011frultusunda gaz\u0131n tahliyesi i\u00e7in gerekli havaland\u0131rma fanlar\u0131n\u0131n \u00e7al\u0131\u015ft\u0131r\u0131lmas\u0131, vanalar\u0131n\u0131n kapat\u0131lmas\u0131 ve sesli\/\u0131\u015f\u0131kl\u0131 uyar\u0131lar\u0131n verilmesi gibi fonksiyonlar\u0131 yerine getirmek i\u00e7in kullan\u0131l\u0131rlar.","og_url":"https:\/\/remaendustri.com\/?page_id=176","article_modified_time":"2023-02-22T13:27:20+00:00","og_image":[{"url":"http:\/\/remaendustri.com\/wp-content\/uploads\/2023\/02\/fire-bell-alarm-red-2021-08-26-15-42-24-utc-scaled-800x334-1.jpg"}],"twitter_card":"summary_large_image","schema":{"@context":"https:\/\/schema.org","@graph":[{"@type":"WebPage","@id":"https:\/\/remaendustri.com\/?page_id=176","url":"https:\/\/remaendustri.com\/?page_id=176","name":"Gaz Alg\u0131lama Sistemleri -","isPartOf":{"@id":"https:\/\/remaendustri.com\/#website"},"datePublished":"2023-02-19T00:20:51+00:00","dateModified":"2023-02-22T13:27:20+00:00","breadcrumb":{"@id":"https:\/\/remaendustri.com\/?page_id=176#breadcrumb"},"inLanguage":"tr","potentialAction":[{"@type":"ReadAction","target":["https:\/\/remaendustri.com\/?page_id=176"]}]},{"@type":"BreadcrumbList","@id":"https:\/\/remaendustri.com\/?page_id=176#breadcrumb","itemListElement":[{"@type":"ListItem","position":1,"name":"Anasayfa","item":"https:\/\/remaendustri.com\/"},{"@type":"ListItem","position":2,"name":"Gaz Alg\u0131lama Sistemleri"}]},{"@type":"WebSite","@id":"https:\/\/remaendustri.com\/#website","url":"https:\/\/remaendustri.com\/","name":"http:\/\/remaendustri.com\/","description":"","publisher":{"@id":"https:\/\/remaendustri.com\/#organization"},"potentialAction":[{"@type":"SearchAction","target":{"@type":"EntryPoint","urlTemplate":"https:\/\/remaendustri.com\/?s={search_term_string}"},"query-input":"required name=search_term_string"}],"inLanguage":"tr"},{"@type":"Organization","@id":"https:\/\/remaendustri.com\/#organization","name":"http:\/\/remaendustri.com\/","url":"https:\/\/remaendustri.com\/","logo":{"@type":"ImageObject","inLanguage":"tr","@id":"https:\/\/remaendustri.com\/#\/schema\/logo\/image\/","url":"http:\/\/remaendustri.com\/wp-content\/uploads\/2023\/02\/cropped-remalogo.jpg","contentUrl":"http:\/\/remaendustri.com\/wp-content\/uploads\/2023\/02\/cropped-remalogo.jpg","width":1600,"height":1599,"caption":"http:\/\/remaendustri.com\/"},"image":{"@id":"https:\/\/remaendustri.com\/#\/schema\/logo\/image\/"},"sameAs":["https:\/\/www.instagram.com\/rema.endustri\/","https:\/\/www.trendyol.com\/magaza\/rema-endustri-ic-ve-dis-tic-ltd-sti-m-649742?sst=0"]}]}},"_links":{"self":[{"href":"https:\/\/remaendustri.com\/index.php?rest_route=\/wp\/v2\/pages\/176"}],"collection":[{"href":"https:\/\/remaendustri.com\/index.php?rest_route=\/wp\/v2\/pages"}],"about":[{"href":"https:\/\/remaendustri.com\/index.php?rest_route=\/wp\/v2\/types\/page"}],"author":[{"embeddable":true,"href":"https:\/\/remaendustri.com\/index.php?rest_route=\/wp\/v2\/users\/1"}],"replies":[{"embeddable":true,"href":"https:\/\/remaendustri.com\/index.php?rest_route=%2Fwp%2Fv2%2Fcomments&post=176"}],"version-history":[{"count":2,"href":"https:\/\/remaendustri.com\/index.php?rest_route=\/wp\/v2\/pages\/176\/revisions"}],"predecessor-version":[{"id":572,"href":"https:\/\/remaendustri.com\/index.php?rest_route=\/wp\/v2\/pages\/176\/revisions\/572"}],"wp:attachment":[{"href":"https:\/\/remaendustri.com\/index.php?rest_route=%2Fwp%2Fv2%2Fmedia&parent=176"}],"curies":[{"name":"wp","href":"https:\/\/api.w.org\/{rel}","templated":true}]}}