{"id":167,"date":"2023-02-19T00:16:41","date_gmt":"2023-02-19T00:16:41","guid":{"rendered":"http:\/\/remaendustri.com\/?page_id=167"},"modified":"2023-02-19T00:16:43","modified_gmt":"2023-02-19T00:16:43","slug":"acil-durum-aydinlatma","status":"publish","type":"page","link":"https:\/\/remaendustri.com\/?page_id=167","title":{"rendered":"Acil Durum Ayd\u0131nlatma"},"content":{"rendered":"\n<figure class=\"wp-block-image size-full\"><img decoding=\"async\" loading=\"lazy\" width=\"676\" height=\"396\" src=\"http:\/\/remaendustri.com\/wp-content\/uploads\/2023\/02\/eec386.png\" alt=\"\" class=\"wp-image-168\" srcset=\"https:\/\/remaendustri.com\/wp-content\/uploads\/2023\/02\/eec386.png 676w, https:\/\/remaendustri.com\/wp-content\/uploads\/2023\/02\/eec386-300x176.png 300w, https:\/\/remaendustri.com\/wp-content\/uploads\/2023\/02\/eec386-102x60.png 102w, https:\/\/remaendustri.com\/wp-content\/uploads\/2023\/02\/eec386-198x116.png 198w\" sizes=\"(max-width: 676px) 100vw, 676px\" \/><\/figure>\n\n\n\n<p>Acil ayd\u0131nlatma sisteminin \u00f6ncelikli amac\u0131, g\u00fcvenli bir tahliye sa\u011flayarak can kayb\u0131n\u0131 \u00f6nlemektir. Acil ayd\u0131nlatma sistemi; insanlar\u0131n binadan herhangi bir engele tak\u0131lmadan, yaralanmadan, ezilmeden, pani\u011fe kap\u0131lmadan, a\u015f\u0131r\u0131 kalabal\u0131k ve y\u0131\u011f\u0131lma ger\u00e7ekle\u015fmeden \u00e7\u0131k\u0131\u015f yolunu rahat\u00e7a g\u00f6rebilece\u011fi \u015fekilde, h\u0131zl\u0131 ve emniyetli olarak tahliye edilmesine yard\u0131mc\u0131 olmaktad\u0131r. Bununla birlikte, yang\u0131n alarm ve s\u00f6nd\u00fcrme cihazlar\u0131 ile ilk yard\u0131m donan\u0131m\u0131n\u0131n fark edilmesini sa\u011flay\u0131p, riskli alanlarda olu\u015fabilecek kazalar\u0131 \u00f6nlemeye de yard\u0131mc\u0131 olmaktad\u0131r.&nbsp;<\/p>\n\n\n\n<p>\u201cAcil ayd\u0131nlatma, normal \u015fartlarda gereksinimi duyulan bir ayd\u0131nlatma t\u00fcr\u00fc de\u011fildir. Ancak acil bir durumda gerekti\u011fi gibi \u00e7al\u0131\u015fmal\u0131d\u0131r. Herhangi bir zamanda \u00e7al\u0131\u015fmamas\u0131 durumunda insan hayat\u0131n\u0131 riske atar.<\/p>\n\n\n\n<p>Acil ka\u00e7\u0131\u015f ayd\u0131nlatmas\u0131n\u0131n amac\u0131, normal \u015febeke g\u00fc\u00e7 beslemesi kesildi\u011finde, bir mahalden ve\/veya binadan g\u00fcvenli \u00e7\u0131k\u0131\u015f\u0131 sa\u011flamakt\u0131r.<\/p>\n\n\n\n<p>Ka\u00e7\u0131\u015f yolu ayd\u0131nlatmas\u0131n\u0131n amac\u0131, ka\u00e7\u0131\u015f yollar\u0131nda ve \u00f6zel konumlarda uygun g\u00f6rseller ile y\u00f6n bulma sa\u011flayarak bir mahalden ve\/veya binadan g\u00fcvenli \u015fekilde \u00e7\u0131kmay\u0131 sa\u011flamak, yang\u0131n s\u00f6nd\u00fcrme ve g\u00fcvenlik ekipmanlar\u0131n\u0131n kolayca bulunabilmesini sa\u011flamakt\u0131r.<\/p>\n","protected":false},"excerpt":{"rendered":"<p>Acil ayd\u0131nlatma sisteminin \u00f6ncelikli amac\u0131, g\u00fcvenli bir tahliye sa\u011flayarak can kayb\u0131n\u0131 \u00f6nlemektir. Acil ayd\u0131nlatma sistemi; insanlar\u0131n binadan herhangi bir engele tak\u0131lmadan, yaralanmadan, ezilmeden, pani\u011fe kap\u0131lmadan, a\u015f\u0131r\u0131 kalabal\u0131k ve y\u0131\u011f\u0131lma ger\u00e7ekle\u015fmeden \u00e7\u0131k\u0131\u015f yolunu rahat\u00e7a g\u00f6rebilece\u011fi \u015fekilde, h\u0131zl\u0131 ve emniyetli olarak tahliye edilmesine yard\u0131mc\u0131 olmaktad\u0131r. Bununla birlikte, yang\u0131n alarm ve s\u00f6nd\u00fcrme cihazlar\u0131 ile ilk yard\u0131m donan\u0131m\u0131n\u0131n fark &hellip; <\/p>\n","protected":false},"author":1,"featured_media":0,"parent":0,"menu_order":0,"comment_status":"closed","ping_status":"closed","template":"","meta":{"om_disable_all_campaigns":false,"_monsterinsights_skip_tracking":false,"_monsterinsights_sitenote_active":false,"_monsterinsights_sitenote_note":"","_monsterinsights_sitenote_category":0},"yoast_head":"<!-- This site is optimized with the Yoast SEO plugin v20.2.1 - https:\/\/yoast.com\/wordpress\/plugins\/seo\/ -->\n<title>Acil Durum Ayd\u0131nlatma -<\/title>\n<meta name=\"robots\" content=\"index, follow, max-snippet:-1, max-image-preview:large, max-video-preview:-1\" \/>\n<link rel=\"canonical\" href=\"https:\/\/remaendustri.com\/?page_id=167\" \/>\n<meta property=\"og:locale\" content=\"tr_TR\" \/>\n<meta property=\"og:type\" content=\"article\" \/>\n<meta property=\"og:title\" content=\"Acil Durum Ayd\u0131nlatma -\" \/>\n<meta property=\"og:description\" content=\"Acil ayd\u0131nlatma sisteminin \u00f6ncelikli amac\u0131, g\u00fcvenli bir tahliye sa\u011flayarak can kayb\u0131n\u0131 \u00f6nlemektir. Acil ayd\u0131nlatma sistemi; insanlar\u0131n binadan herhangi bir engele tak\u0131lmadan, yaralanmadan, ezilmeden, pani\u011fe kap\u0131lmadan, a\u015f\u0131r\u0131 kalabal\u0131k ve y\u0131\u011f\u0131lma ger\u00e7ekle\u015fmeden \u00e7\u0131k\u0131\u015f yolunu rahat\u00e7a g\u00f6rebilece\u011fi \u015fekilde, h\u0131zl\u0131 ve emniyetli olarak tahliye edilmesine yard\u0131mc\u0131 olmaktad\u0131r. Bununla birlikte, yang\u0131n alarm ve s\u00f6nd\u00fcrme cihazlar\u0131 ile ilk yard\u0131m donan\u0131m\u0131n\u0131n fark &hellip;\" \/>\n<meta property=\"og:url\" content=\"https:\/\/remaendustri.com\/?page_id=167\" \/>\n<meta property=\"article:modified_time\" content=\"2023-02-19T00:16:43+00:00\" \/>\n<meta property=\"og:image\" content=\"http:\/\/remaendustri.com\/wp-content\/uploads\/2023\/02\/eec386.png\" \/>\n<meta name=\"twitter:card\" content=\"summary_large_image\" \/>\n<meta name=\"twitter:label1\" content=\"Tahmini okuma s\u00fcresi\" \/>\n\t<meta name=\"twitter:data1\" content=\"1 dakika\" \/>\n<script type=\"application\/ld+json\" class=\"yoast-schema-graph\">{\"@context\":\"https:\/\/schema.org\",\"@graph\":[{\"@type\":\"WebPage\",\"@id\":\"https:\/\/remaendustri.com\/?page_id=167\",\"url\":\"https:\/\/remaendustri.com\/?page_id=167\",\"name\":\"Acil Durum Ayd\u0131nlatma -\",\"isPartOf\":{\"@id\":\"https:\/\/remaendustri.com\/#website\"},\"datePublished\":\"2023-02-19T00:16:41+00:00\",\"dateModified\":\"2023-02-19T00:16:43+00:00\",\"breadcrumb\":{\"@id\":\"https:\/\/remaendustri.com\/?page_id=167#breadcrumb\"},\"inLanguage\":\"tr\",\"potentialAction\":[{\"@type\":\"ReadAction\",\"target\":[\"https:\/\/remaendustri.com\/?page_id=167\"]}]},{\"@type\":\"BreadcrumbList\",\"@id\":\"https:\/\/remaendustri.com\/?page_id=167#breadcrumb\",\"itemListElement\":[{\"@type\":\"ListItem\",\"position\":1,\"name\":\"Anasayfa\",\"item\":\"https:\/\/remaendustri.com\/\"},{\"@type\":\"ListItem\",\"position\":2,\"name\":\"Acil Durum Ayd\u0131nlatma\"}]},{\"@type\":\"WebSite\",\"@id\":\"https:\/\/remaendustri.com\/#website\",\"url\":\"https:\/\/remaendustri.com\/\",\"name\":\"http:\/\/remaendustri.com\/\",\"description\":\"\",\"publisher\":{\"@id\":\"https:\/\/remaendustri.com\/#organization\"},\"potentialAction\":[{\"@type\":\"SearchAction\",\"target\":{\"@type\":\"EntryPoint\",\"urlTemplate\":\"https:\/\/remaendustri.com\/?s={search_term_string}\"},\"query-input\":\"required name=search_term_string\"}],\"inLanguage\":\"tr\"},{\"@type\":\"Organization\",\"@id\":\"https:\/\/remaendustri.com\/#organization\",\"name\":\"http:\/\/remaendustri.com\/\",\"url\":\"https:\/\/remaendustri.com\/\",\"logo\":{\"@type\":\"ImageObject\",\"inLanguage\":\"tr\",\"@id\":\"https:\/\/remaendustri.com\/#\/schema\/logo\/image\/\",\"url\":\"http:\/\/remaendustri.com\/wp-content\/uploads\/2023\/02\/cropped-remalogo.jpg\",\"contentUrl\":\"http:\/\/remaendustri.com\/wp-content\/uploads\/2023\/02\/cropped-remalogo.jpg\",\"width\":1600,\"height\":1599,\"caption\":\"http:\/\/remaendustri.com\/\"},\"image\":{\"@id\":\"https:\/\/remaendustri.com\/#\/schema\/logo\/image\/\"},\"sameAs\":[\"https:\/\/www.instagram.com\/rema.endustri\/\",\"https:\/\/www.trendyol.com\/magaza\/rema-endustri-ic-ve-dis-tic-ltd-sti-m-649742?sst=0\"]}]}<\/script>\n<!-- \/ Yoast SEO plugin. -->","yoast_head_json":{"title":"Acil Durum Ayd\u0131nlatma -","robots":{"index":"index","follow":"follow","max-snippet":"max-snippet:-1","max-image-preview":"max-image-preview:large","max-video-preview":"max-video-preview:-1"},"canonical":"https:\/\/remaendustri.com\/?page_id=167","og_locale":"tr_TR","og_type":"article","og_title":"Acil Durum Ayd\u0131nlatma -","og_description":"Acil ayd\u0131nlatma sisteminin \u00f6ncelikli amac\u0131, g\u00fcvenli bir tahliye sa\u011flayarak can kayb\u0131n\u0131 \u00f6nlemektir. Acil ayd\u0131nlatma sistemi; insanlar\u0131n binadan herhangi bir engele tak\u0131lmadan, yaralanmadan, ezilmeden, pani\u011fe kap\u0131lmadan, a\u015f\u0131r\u0131 kalabal\u0131k ve y\u0131\u011f\u0131lma ger\u00e7ekle\u015fmeden \u00e7\u0131k\u0131\u015f yolunu rahat\u00e7a g\u00f6rebilece\u011fi \u015fekilde, h\u0131zl\u0131 ve emniyetli olarak tahliye edilmesine yard\u0131mc\u0131 olmaktad\u0131r. Bununla birlikte, yang\u0131n alarm ve s\u00f6nd\u00fcrme cihazlar\u0131 ile ilk yard\u0131m donan\u0131m\u0131n\u0131n fark &hellip;","og_url":"https:\/\/remaendustri.com\/?page_id=167","article_modified_time":"2023-02-19T00:16:43+00:00","og_image":[{"url":"http:\/\/remaendustri.com\/wp-content\/uploads\/2023\/02\/eec386.png"}],"twitter_card":"summary_large_image","twitter_misc":{"Tahmini okuma s\u00fcresi":"1 dakika"},"schema":{"@context":"https:\/\/schema.org","@graph":[{"@type":"WebPage","@id":"https:\/\/remaendustri.com\/?page_id=167","url":"https:\/\/remaendustri.com\/?page_id=167","name":"Acil Durum Ayd\u0131nlatma -","isPartOf":{"@id":"https:\/\/remaendustri.com\/#website"},"datePublished":"2023-02-19T00:16:41+00:00","dateModified":"2023-02-19T00:16:43+00:00","breadcrumb":{"@id":"https:\/\/remaendustri.com\/?page_id=167#breadcrumb"},"inLanguage":"tr","potentialAction":[{"@type":"ReadAction","target":["https:\/\/remaendustri.com\/?page_id=167"]}]},{"@type":"BreadcrumbList","@id":"https:\/\/remaendustri.com\/?page_id=167#breadcrumb","itemListElement":[{"@type":"ListItem","position":1,"name":"Anasayfa","item":"https:\/\/remaendustri.com\/"},{"@type":"ListItem","position":2,"name":"Acil Durum Ayd\u0131nlatma"}]},{"@type":"WebSite","@id":"https:\/\/remaendustri.com\/#website","url":"https:\/\/remaendustri.com\/","name":"http:\/\/remaendustri.com\/","description":"","publisher":{"@id":"https:\/\/remaendustri.com\/#organization"},"potentialAction":[{"@type":"SearchAction","target":{"@type":"EntryPoint","urlTemplate":"https:\/\/remaendustri.com\/?s={search_term_string}"},"query-input":"required name=search_term_string"}],"inLanguage":"tr"},{"@type":"Organization","@id":"https:\/\/remaendustri.com\/#organization","name":"http:\/\/remaendustri.com\/","url":"https:\/\/remaendustri.com\/","logo":{"@type":"ImageObject","inLanguage":"tr","@id":"https:\/\/remaendustri.com\/#\/schema\/logo\/image\/","url":"http:\/\/remaendustri.com\/wp-content\/uploads\/2023\/02\/cropped-remalogo.jpg","contentUrl":"http:\/\/remaendustri.com\/wp-content\/uploads\/2023\/02\/cropped-remalogo.jpg","width":1600,"height":1599,"caption":"http:\/\/remaendustri.com\/"},"image":{"@id":"https:\/\/remaendustri.com\/#\/schema\/logo\/image\/"},"sameAs":["https:\/\/www.instagram.com\/rema.endustri\/","https:\/\/www.trendyol.com\/magaza\/rema-endustri-ic-ve-dis-tic-ltd-sti-m-649742?sst=0"]}]}},"_links":{"self":[{"href":"https:\/\/remaendustri.com\/index.php?rest_route=\/wp\/v2\/pages\/167"}],"collection":[{"href":"https:\/\/remaendustri.com\/index.php?rest_route=\/wp\/v2\/pages"}],"about":[{"href":"https:\/\/remaendustri.com\/index.php?rest_route=\/wp\/v2\/types\/page"}],"author":[{"embeddable":true,"href":"https:\/\/remaendustri.com\/index.php?rest_route=\/wp\/v2\/users\/1"}],"replies":[{"embeddable":true,"href":"https:\/\/remaendustri.com\/index.php?rest_route=%2Fwp%2Fv2%2Fcomments&post=167"}],"version-history":[{"count":1,"href":"https:\/\/remaendustri.com\/index.php?rest_route=\/wp\/v2\/pages\/167\/revisions"}],"predecessor-version":[{"id":170,"href":"https:\/\/remaendustri.com\/index.php?rest_route=\/wp\/v2\/pages\/167\/revisions\/170"}],"wp:attachment":[{"href":"https:\/\/remaendustri.com\/index.php?rest_route=%2Fwp%2Fv2%2Fmedia&parent=167"}],"curies":[{"name":"wp","href":"https:\/\/api.w.org\/{rel}","templated":true}]}}