{"id":116,"date":"2023-02-18T19:14:56","date_gmt":"2023-02-18T19:14:56","guid":{"rendered":"http:\/\/remaendustri.com\/?page_id=116"},"modified":"2023-02-22T12:58:06","modified_gmt":"2023-02-22T12:58:06","slug":"hakkimizda","status":"publish","type":"page","link":"https:\/\/remaendustri.com\/?page_id=116","title":{"rendered":"Hakk\u0131m\u0131zda"},"content":{"rendered":"\n<p>Farkl\u0131 ama\u00e7lara hizmet eden bu sistemleri birbirleriyle entegre ederek bir yandan verimlilik ve fayday\u0131 art\u0131r\u0131yor, di\u011fer yandan da enerji tasarrufu sa\u011fl\u0131yoruz.<\/p>\n\n\n\n<p>G\u00fcn\u00fcm\u00fcz teknolojilerine y\u00f6n veren, aktif ve hisli geli\u015fen sistemlerde \u00f6nc\u00fcl\u00fck ederek bir ok \u015fehirde akili sistemler konumland\u0131rm\u0131\u015ft\u0131r. Kritik Tesis G\u00fcvenli\u011fi kapsam\u0131nda Yang\u0131n G\u00fcvenli\u011fi, Elektronik G\u00fcvenlik, Deprem G\u00fcvenli\u011fi ve Yaz\u0131l\u0131m Sistemleri alan\u0131nda Siber G\u00fcvenlik konu basl\u0131klar\u0131 aras\u0131nda s\u0131ralanabilir.<br>Rema End\u00fcstri, uzman kadrosundaki m\u00fchendis ve tekniker personel ile sistemler do\u011fru hizmet ve hisli servis ile destekleyerek faaliyetlerini \u00fcst seviye standartlarda icra etmektedir.<\/p>\n\n\n\n<p>Acil durum merkezi personeli ile sahada g\u00f6rev yapan personelin es zamanl\u0131 ve es g\u00fcd\u00fcml\u00fc \u00e7al\u0131\u015fmas\u0131n\u0131 sa\u011flayabiliriz.<\/p>\n\n\n\n<p>T\u00fcm sistemlerin ve personelin durumu ile ilgili anl\u0131k ve periyodik raporlar olu\u015fturabiliriz.<\/p>\n","protected":false},"excerpt":{"rendered":"<p>Farkl\u0131 ama\u00e7lara hizmet eden bu sistemleri birbirleriyle entegre ederek bir yandan verimlilik ve fayday\u0131 art\u0131r\u0131yor, di\u011fer yandan da enerji tasarrufu sa\u011fl\u0131yoruz. G\u00fcn\u00fcm\u00fcz teknolojilerine y\u00f6n veren, aktif ve hisli geli\u015fen sistemlerde \u00f6nc\u00fcl\u00fck ederek bir ok \u015fehirde akili sistemler konumland\u0131rm\u0131\u015ft\u0131r. Kritik Tesis G\u00fcvenli\u011fi kapsam\u0131nda Yang\u0131n G\u00fcvenli\u011fi, Elektronik G\u00fcvenlik, Deprem G\u00fcvenli\u011fi ve Yaz\u0131l\u0131m Sistemleri alan\u0131nda Siber G\u00fcvenlik konu &hellip; <\/p>\n","protected":false},"author":1,"featured_media":555,"parent":0,"menu_order":0,"comment_status":"closed","ping_status":"closed","template":"","meta":{"om_disable_all_campaigns":false,"_monsterinsights_skip_tracking":false,"_monsterinsights_sitenote_active":false,"_monsterinsights_sitenote_note":"","_monsterinsights_sitenote_category":0},"yoast_head":"<!-- This site is optimized with the Yoast SEO plugin v20.2.1 - https:\/\/yoast.com\/wordpress\/plugins\/seo\/ -->\n<title>Hakk\u0131m\u0131zda -<\/title>\n<meta name=\"robots\" content=\"index, follow, max-snippet:-1, max-image-preview:large, max-video-preview:-1\" \/>\n<link rel=\"canonical\" href=\"https:\/\/remaendustri.com\/?page_id=116\" \/>\n<meta property=\"og:locale\" content=\"tr_TR\" \/>\n<meta property=\"og:type\" content=\"article\" \/>\n<meta property=\"og:title\" content=\"Hakk\u0131m\u0131zda -\" \/>\n<meta property=\"og:description\" content=\"Farkl\u0131 ama\u00e7lara hizmet eden bu sistemleri birbirleriyle entegre ederek bir yandan verimlilik ve fayday\u0131 art\u0131r\u0131yor, di\u011fer yandan da enerji tasarrufu sa\u011fl\u0131yoruz. G\u00fcn\u00fcm\u00fcz teknolojilerine y\u00f6n veren, aktif ve hisli geli\u015fen sistemlerde \u00f6nc\u00fcl\u00fck ederek bir ok \u015fehirde akili sistemler konumland\u0131rm\u0131\u015ft\u0131r. Kritik Tesis G\u00fcvenli\u011fi kapsam\u0131nda Yang\u0131n G\u00fcvenli\u011fi, Elektronik G\u00fcvenlik, Deprem G\u00fcvenli\u011fi ve Yaz\u0131l\u0131m Sistemleri alan\u0131nda Siber G\u00fcvenlik konu &hellip;\" \/>\n<meta property=\"og:url\" content=\"https:\/\/remaendustri.com\/?page_id=116\" \/>\n<meta property=\"article:modified_time\" content=\"2023-02-22T12:58:06+00:00\" \/>\n<meta property=\"og:image\" content=\"https:\/\/remaendustri.com\/wp-content\/uploads\/2023\/02\/remalogo.jpg\" \/>\n\t<meta property=\"og:image:width\" content=\"1600\" \/>\n\t<meta property=\"og:image:height\" content=\"1599\" \/>\n\t<meta property=\"og:image:type\" content=\"image\/jpeg\" \/>\n<meta name=\"twitter:card\" content=\"summary_large_image\" \/>\n<meta name=\"twitter:label1\" content=\"Tahmini okuma s\u00fcresi\" \/>\n\t<meta name=\"twitter:data1\" content=\"1 dakika\" \/>\n<script type=\"application\/ld+json\" class=\"yoast-schema-graph\">{\"@context\":\"https:\/\/schema.org\",\"@graph\":[{\"@type\":\"WebPage\",\"@id\":\"https:\/\/remaendustri.com\/?page_id=116\",\"url\":\"https:\/\/remaendustri.com\/?page_id=116\",\"name\":\"Hakk\u0131m\u0131zda -\",\"isPartOf\":{\"@id\":\"https:\/\/remaendustri.com\/#website\"},\"datePublished\":\"2023-02-18T19:14:56+00:00\",\"dateModified\":\"2023-02-22T12:58:06+00:00\",\"breadcrumb\":{\"@id\":\"https:\/\/remaendustri.com\/?page_id=116#breadcrumb\"},\"inLanguage\":\"tr\",\"potentialAction\":[{\"@type\":\"ReadAction\",\"target\":[\"https:\/\/remaendustri.com\/?page_id=116\"]}]},{\"@type\":\"BreadcrumbList\",\"@id\":\"https:\/\/remaendustri.com\/?page_id=116#breadcrumb\",\"itemListElement\":[{\"@type\":\"ListItem\",\"position\":1,\"name\":\"Anasayfa\",\"item\":\"https:\/\/remaendustri.com\/\"},{\"@type\":\"ListItem\",\"position\":2,\"name\":\"Hakk\u0131m\u0131zda\"}]},{\"@type\":\"WebSite\",\"@id\":\"https:\/\/remaendustri.com\/#website\",\"url\":\"https:\/\/remaendustri.com\/\",\"name\":\"http:\/\/remaendustri.com\/\",\"description\":\"\",\"publisher\":{\"@id\":\"https:\/\/remaendustri.com\/#organization\"},\"potentialAction\":[{\"@type\":\"SearchAction\",\"target\":{\"@type\":\"EntryPoint\",\"urlTemplate\":\"https:\/\/remaendustri.com\/?s={search_term_string}\"},\"query-input\":\"required name=search_term_string\"}],\"inLanguage\":\"tr\"},{\"@type\":\"Organization\",\"@id\":\"https:\/\/remaendustri.com\/#organization\",\"name\":\"http:\/\/remaendustri.com\/\",\"url\":\"https:\/\/remaendustri.com\/\",\"logo\":{\"@type\":\"ImageObject\",\"inLanguage\":\"tr\",\"@id\":\"https:\/\/remaendustri.com\/#\/schema\/logo\/image\/\",\"url\":\"http:\/\/remaendustri.com\/wp-content\/uploads\/2023\/02\/cropped-remalogo.jpg\",\"contentUrl\":\"http:\/\/remaendustri.com\/wp-content\/uploads\/2023\/02\/cropped-remalogo.jpg\",\"width\":1600,\"height\":1599,\"caption\":\"http:\/\/remaendustri.com\/\"},\"image\":{\"@id\":\"https:\/\/remaendustri.com\/#\/schema\/logo\/image\/\"},\"sameAs\":[\"https:\/\/www.instagram.com\/rema.endustri\/\",\"https:\/\/www.trendyol.com\/magaza\/rema-endustri-ic-ve-dis-tic-ltd-sti-m-649742?sst=0\"]}]}<\/script>\n<!-- \/ Yoast SEO plugin. -->","yoast_head_json":{"title":"Hakk\u0131m\u0131zda -","robots":{"index":"index","follow":"follow","max-snippet":"max-snippet:-1","max-image-preview":"max-image-preview:large","max-video-preview":"max-video-preview:-1"},"canonical":"https:\/\/remaendustri.com\/?page_id=116","og_locale":"tr_TR","og_type":"article","og_title":"Hakk\u0131m\u0131zda -","og_description":"Farkl\u0131 ama\u00e7lara hizmet eden bu sistemleri birbirleriyle entegre ederek bir yandan verimlilik ve fayday\u0131 art\u0131r\u0131yor, di\u011fer yandan da enerji tasarrufu sa\u011fl\u0131yoruz. G\u00fcn\u00fcm\u00fcz teknolojilerine y\u00f6n veren, aktif ve hisli geli\u015fen sistemlerde \u00f6nc\u00fcl\u00fck ederek bir ok \u015fehirde akili sistemler konumland\u0131rm\u0131\u015ft\u0131r. Kritik Tesis G\u00fcvenli\u011fi kapsam\u0131nda Yang\u0131n G\u00fcvenli\u011fi, Elektronik G\u00fcvenlik, Deprem G\u00fcvenli\u011fi ve Yaz\u0131l\u0131m Sistemleri alan\u0131nda Siber G\u00fcvenlik konu &hellip;","og_url":"https:\/\/remaendustri.com\/?page_id=116","article_modified_time":"2023-02-22T12:58:06+00:00","og_image":[{"width":1600,"height":1599,"url":"https:\/\/remaendustri.com\/wp-content\/uploads\/2023\/02\/remalogo.jpg","type":"image\/jpeg"}],"twitter_card":"summary_large_image","twitter_misc":{"Tahmini okuma s\u00fcresi":"1 dakika"},"schema":{"@context":"https:\/\/schema.org","@graph":[{"@type":"WebPage","@id":"https:\/\/remaendustri.com\/?page_id=116","url":"https:\/\/remaendustri.com\/?page_id=116","name":"Hakk\u0131m\u0131zda -","isPartOf":{"@id":"https:\/\/remaendustri.com\/#website"},"datePublished":"2023-02-18T19:14:56+00:00","dateModified":"2023-02-22T12:58:06+00:00","breadcrumb":{"@id":"https:\/\/remaendustri.com\/?page_id=116#breadcrumb"},"inLanguage":"tr","potentialAction":[{"@type":"ReadAction","target":["https:\/\/remaendustri.com\/?page_id=116"]}]},{"@type":"BreadcrumbList","@id":"https:\/\/remaendustri.com\/?page_id=116#breadcrumb","itemListElement":[{"@type":"ListItem","position":1,"name":"Anasayfa","item":"https:\/\/remaendustri.com\/"},{"@type":"ListItem","position":2,"name":"Hakk\u0131m\u0131zda"}]},{"@type":"WebSite","@id":"https:\/\/remaendustri.com\/#website","url":"https:\/\/remaendustri.com\/","name":"http:\/\/remaendustri.com\/","description":"","publisher":{"@id":"https:\/\/remaendustri.com\/#organization"},"potentialAction":[{"@type":"SearchAction","target":{"@type":"EntryPoint","urlTemplate":"https:\/\/remaendustri.com\/?s={search_term_string}"},"query-input":"required name=search_term_string"}],"inLanguage":"tr"},{"@type":"Organization","@id":"https:\/\/remaendustri.com\/#organization","name":"http:\/\/remaendustri.com\/","url":"https:\/\/remaendustri.com\/","logo":{"@type":"ImageObject","inLanguage":"tr","@id":"https:\/\/remaendustri.com\/#\/schema\/logo\/image\/","url":"http:\/\/remaendustri.com\/wp-content\/uploads\/2023\/02\/cropped-remalogo.jpg","contentUrl":"http:\/\/remaendustri.com\/wp-content\/uploads\/2023\/02\/cropped-remalogo.jpg","width":1600,"height":1599,"caption":"http:\/\/remaendustri.com\/"},"image":{"@id":"https:\/\/remaendustri.com\/#\/schema\/logo\/image\/"},"sameAs":["https:\/\/www.instagram.com\/rema.endustri\/","https:\/\/www.trendyol.com\/magaza\/rema-endustri-ic-ve-dis-tic-ltd-sti-m-649742?sst=0"]}]}},"_links":{"self":[{"href":"https:\/\/remaendustri.com\/index.php?rest_route=\/wp\/v2\/pages\/116"}],"collection":[{"href":"https:\/\/remaendustri.com\/index.php?rest_route=\/wp\/v2\/pages"}],"about":[{"href":"https:\/\/remaendustri.com\/index.php?rest_route=\/wp\/v2\/types\/page"}],"author":[{"embeddable":true,"href":"https:\/\/remaendustri.com\/index.php?rest_route=\/wp\/v2\/users\/1"}],"replies":[{"embeddable":true,"href":"https:\/\/remaendustri.com\/index.php?rest_route=%2Fwp%2Fv2%2Fcomments&post=116"}],"version-history":[{"count":2,"href":"https:\/\/remaendustri.com\/index.php?rest_route=\/wp\/v2\/pages\/116\/revisions"}],"predecessor-version":[{"id":556,"href":"https:\/\/remaendustri.com\/index.php?rest_route=\/wp\/v2\/pages\/116\/revisions\/556"}],"wp:featuredmedia":[{"embeddable":true,"href":"https:\/\/remaendustri.com\/index.php?rest_route=\/wp\/v2\/media\/555"}],"wp:attachment":[{"href":"https:\/\/remaendustri.com\/index.php?rest_route=%2Fwp%2Fv2%2Fmedia&parent=116"}],"curies":[{"name":"wp","href":"https:\/\/api.w.org\/{rel}","templated":true}]}}